


{"id":4,"date":"2011-07-21T07:09:18","date_gmt":"2011-07-21T05:09:18","guid":{"rendered":"http:\/\/team.inria.fr\/deptdkm1\/?page_id=4"},"modified":"2024-10-23T20:15:04","modified_gmt":"2024-10-23T18:15:04","slug":"contact","status":"publish","type":"page","link":"https:\/\/dept-dkm.irisa.fr\/fr\/contact\/","title":{"rendered":"(English) Contact"},"content":{"rendered":"<h2>Adresse<\/h2>\r\n\r\n<h2>Chef de Projet<\/h2>\r\n<blockquote>\r\nnom:\r\nm\u00e9l:\r\nt\u00e9l:\r\n<\/blockquote>\r\n\r\n<h2>Assistante<\/h2>\r\n<blockquote>\r\nnom:\r\nm\u00e9l:\r\nt\u00e9l:\r\n<\/blockquote>","protected":false},"excerpt":{"rendered":"<p>Adresse Chef de Projet nom: m\u00e9l: t\u00e9l: Assistante nom: m\u00e9l: t\u00e9l:<\/p>\n<p> <a class=\"continue-reading-link\" href=\"https:\/\/dept-dkm.irisa.fr\/fr\/contact\/\"><span>Continue reading<\/span><i class=\"crycon-right-dir\"><\/i><\/a> <\/p>\n","protected":false},"author":1,"featured_media":0,"parent":0,"menu_order":0,"comment_status":"closed","ping_status":"closed","template":"","meta":{"footnotes":""},"class_list":["post-4","page","type-page","status-publish","hentry"],"_links":{"self":[{"href":"https:\/\/dept-dkm.irisa.fr\/fr\/wp-json\/wp\/v2\/pages\/4","targetHints":{"allow":["GET"]}}],"collection":[{"href":"https:\/\/dept-dkm.irisa.fr\/fr\/wp-json\/wp\/v2\/pages"}],"about":[{"href":"https:\/\/dept-dkm.irisa.fr\/fr\/wp-json\/wp\/v2\/types\/page"}],"author":[{"embeddable":true,"href":"https:\/\/dept-dkm.irisa.fr\/fr\/wp-json\/wp\/v2\/users\/1"}],"replies":[{"embeddable":true,"href":"https:\/\/dept-dkm.irisa.fr\/fr\/wp-json\/wp\/v2\/comments?post=4"}],"version-history":[{"count":8,"href":"https:\/\/dept-dkm.irisa.fr\/fr\/wp-json\/wp\/v2\/pages\/4\/revisions"}],"predecessor-version":[{"id":973,"href":"https:\/\/dept-dkm.irisa.fr\/fr\/wp-json\/wp\/v2\/pages\/4\/revisions\/973"}],"wp:attachment":[{"href":"https:\/\/dept-dkm.irisa.fr\/fr\/wp-json\/wp\/v2\/media?parent=4"}],"curies":[{"name":"wp","href":"https:\/\/api.w.org\/{rel}","templated":true}]}}